{"id":11,"date":"2017-04-27T15:55:56","date_gmt":"2017-04-27T15:55:56","guid":{"rendered":"http:\/\/jeromebrasseur.com\/?page_id=11"},"modified":"2017-04-27T15:55:56","modified_gmt":"2017-04-27T15:55:56","slug":"a-propos","status":"publish","type":"page","link":"https:\/\/jeromebrasseur.com\/?page_id=11","title":{"rendered":"A propos"},"content":{"rendered":"<p>[vc_row][vc_column width=\u00a0\u00bb1\/3&Prime;][vc_single_image image=\u00a0\u00bb2208&Prime; img_size=\u00a0\u00bblarge\u00a0\u00bb][\/vc_column][vc_column width=\u00a0\u00bb2\/3&Prime;][vc_custom_heading text=\u00a0\u00bbJEROME BRASSEUR\u00a0\u00bb google_fonts=\u00a0\u00bbfont_family:Montserrat%3Aregular%2C700|font_style:400%20regular%3A400%3Anormal\u00a0\u00bb css_animation=\u00a0\u00bbappear\u00a0\u00bb][vc_column_text]<strong>J\u00e9r\u00f4me Brasseur<\/strong> (22 F\u00e9vrier 1970) aurait du suivre la profession de chef cuisinier de son papa au service de la Famille Rothschild,<\/p>\n<p>mais sa vocation retiendra de la Haute Gastronomie Fran\u00e7aise la composition, les d\u00e9couvertes, les associations, les sensations et la passion !<\/p>\n<p>Il devient au fil de son exp\u00e9rience d\u2019illustrateur un vrai artiste-cam\u00e9l\u00e9on, capable de changer de style et de couleur rapidement .<br \/>\nCe changement aura d\u2019abord \u00e9t\u00e9 d\u00e9velopp\u00e9 comme un moyen de communication et non comme une technique de camouflage &#8230;<\/p>\n<p>Il regarde tout, tout le temps, dessine ce qu\u2019il observe, observe ce qu\u2019il dessine .<\/p>\n<p>Explorer aujourd&rsquo;hui toutes les facettes de son art est un vivier de talents \u00e0 animer !<\/p>\n<p>On pourra retenir son implication depuis le d\u00e9but de son activit\u00e9 dans l\u2019\u00e9dition (cr\u00e9ation d&rsquo;illustrations traditionnelles ou vectoris\u00e9es), la communication (conseil en image, cr\u00e9ation de logo et charte graphique, photographies corporate), la publicit\u00e9 (cr\u00e9ation de roughs et de storyboards, illustrations hyper-r\u00e9alistes), le patrimoine (parcours de visite, reconstitution de sites), la d\u00e9coration (cr\u00e9ation de panneaux d\u00e9coratifs), le WebDesign (esth\u00e9tisme pour am\u00e9liorer l&rsquo;exp\u00e9rience utilisateur), l\u2019\u00e9v\u00e8nementiel (animation d&rsquo;atelier de peinture, portraitiste, lightpainting) .<\/p>\n<p>Enfin \u00e0 l\u2019exemple de L\u00e9onard de Vinci, il pourra facilement s\u2019approprier une de ses citations :<br \/>\n\u00ab La rigueur vient toujours \u00e0 bout de l&rsquo;obstacle\u00a0\u00bb .<\/p>\n<p>&nbsp;<\/p>\n<p><em><strong>Ses Partenaires<\/strong><\/em><\/p>\n<p><strong>Editions :<\/strong> Art\u00e8ge, Averbode, Bayard, Bordas, Casterman, Fleurus, Gallimard, Grasset, Gr\u00fcnd, Hachette, Hatier, Larousse, Lito, Magnard, Mango,Milan, Nathan, Pocket, Rageot, Sarbacanne, Sed, Sedrap, Syros, Tequi.<\/p>\n<p><strong>Communication :<\/strong> EtikVins, Genzyme, Ordre du Saint S\u00e9pulcre, PCSD, Sodexo, SVZ, Verbao, Ville de Paris, de Langres, de Bailly, de Noisy le Roi, de Fourqueux<\/p>\n<p><strong>Publicit\u00e9 :<\/strong> \u00a0Publicis Life Brands, CLMBBDO, McCann, Havas, Quadrimage, TBWA, Vivactis Innnovations<\/p>\n<p><strong>Patrimoine :<\/strong> RMN, Monum, ARP-NBR &#8230;[\/vc_column_text][vc_row_inner][vc_column_inner width=\u00a0\u00bb1\/6&Prime;][vc_icon icon_fontawesome=\u00a0\u00bbfa fa-linkedin\u00a0\u00bb color=\u00a0\u00bbpink\u00a0\u00bb css_animation=\u00a0\u00bbfadeIn\u00a0\u00bb link=\u00a0\u00bburl:https%3A%2F%2Fwww.linkedin.com%2Fin%2Fjerome-brasseur-7a78338%2F%3Fppe%3D1||target:%20_blank|\u00a0\u00bb][\/vc_column_inner][vc_column_inner width=\u00a0\u00bb1\/6&Prime;][vc_icon icon_fontawesome=\u00a0\u00bbfa fa-facebook-official\u00a0\u00bb color=\u00a0\u00bbpink\u00a0\u00bb css_animation=\u00a0\u00bbfadeIn\u00a0\u00bb link=\u00a0\u00bburl:https%3A%2F%2Fwww.facebook.com%2Fjerome.brasseur.18||target:%20_blank|\u00a0\u00bb][\/vc_column_inner][vc_column_inner width=\u00a0\u00bb1\/6&Prime;][vc_icon icon_fontawesome=\u00a0\u00bbfa fa-envelope-o\u00a0\u00bb color=\u00a0\u00bbpink\u00a0\u00bb css_animation=\u00a0\u00bbfadeIn\u00a0\u00bb link=\u00a0\u00bburl:mailto%3Acontact%40jeromebrasseur.com||target:%20_blank|\u00a0\u00bb][\/vc_column_inner][vc_column_inner width=\u00a0\u00bb1\/6&Prime;][\/vc_column_inner][vc_column_inner width=\u00a0\u00bb1\/6&Prime;][\/vc_column_inner][vc_column_inner width=\u00a0\u00bb1\/6&Prime;][\/vc_column_inner][\/vc_row_inner][\/vc_column][\/vc_row]<\/p>\n","protected":false},"excerpt":{"rendered":"<p>[vc_row][vc_column width=\u00a0\u00bb1\/3&Prime;][vc_single_image image=\u00a0\u00bb2208&Prime; img_size=\u00a0\u00bblarge\u00a0\u00bb][\/vc_column][vc_column width=\u00a0\u00bb2\/3&Prime;][vc_custom_heading text=\u00a0\u00bbJEROME BRASSEUR\u00a0\u00bb google_fonts=\u00a0\u00bbfont_family:Montserrat%3Aregular%2C700|font_style:400%20regular%3A400%3Anormal\u00a0\u00bb css_animation=\u00a0\u00bbappear\u00a0\u00bb][vc_column_text]J\u00e9r\u00f4me Brasseur (22 F\u00e9vrier 1970) aurait du suivre la profession de chef cuisinier de son papa au service de la Famille Rothschild, &hellip;<\/p>\n","protected":false},"author":1,"featured_media":0,"parent":0,"menu_order":1,"comment_status":"closed","ping_status":"closed","template":"page-full-width.php","meta":{"footnotes":""},"class_list":["post-11","page","type-page","status-publish","hentry"],"_links":{"self":[{"href":"https:\/\/jeromebrasseur.com\/index.php?rest_route=\/wp\/v2\/pages\/11","targetHints":{"allow":["GET"]}}],"collection":[{"href":"https:\/\/jeromebrasseur.com\/index.php?rest_route=\/wp\/v2\/pages"}],"about":[{"href":"https:\/\/jeromebrasseur.com\/index.php?rest_route=\/wp\/v2\/types\/page"}],"author":[{"embeddable":true,"href":"https:\/\/jeromebrasseur.com\/index.php?rest_route=\/wp\/v2\/users\/1"}],"replies":[{"embeddable":true,"href":"https:\/\/jeromebrasseur.com\/index.php?rest_route=%2Fwp%2Fv2%2Fcomments&post=11"}],"version-history":[{"count":0,"href":"https:\/\/jeromebrasseur.com\/index.php?rest_route=\/wp\/v2\/pages\/11\/revisions"}],"wp:attachment":[{"href":"https:\/\/jeromebrasseur.com\/index.php?rest_route=%2Fwp%2Fv2%2Fmedia&parent=11"}],"curies":[{"name":"wp","href":"https:\/\/api.w.org\/{rel}","templated":true}]}}